{"id":166,"date":"2025-12-28T12:44:48","date_gmt":"2025-12-28T12:44:48","guid":{"rendered":"https:\/\/teamcooking.ch\/?page_id=166"},"modified":"2025-12-28T12:46:45","modified_gmt":"2025-12-28T12:46:45","slug":"agb","status":"publish","type":"page","link":"https:\/\/teamcooking.ch\/en\/agb\/","title":{"rendered":"Diese Allgemeinen Gesch\u00e4ftsbedingungen (AGB)"},"content":{"rendered":"\t\t<div data-elementor-type=\"wp-page\" data-elementor-id=\"166\" class=\"elementor elementor-166\" data-elementor-post-type=\"page\">\n\t\t\t\t<div class=\"elementor-element elementor-element-4f520c83 e-flex e-con-boxed e-con e-parent\" data-id=\"4f520c83\" data-element_type=\"container\" data-e-type=\"container\">\n\t\t\t\t\t<div class=\"e-con-inner\">\n\t\t\t\t<div class=\"elementor-element elementor-element-7c360f9a elementor-widget elementor-widget-text-editor\" data-id=\"7c360f9a\" data-element_type=\"widget\" data-e-type=\"widget\" data-widget_type=\"text-editor.default\">\n\t\t\t\t\t\t\t\t\t\n<h3 class=\"wp-block-heading\">\u00dcberblick<\/h3>\n\n<p>Diese Allgemeinen Gesch\u00e4ftsbedingungen (AGB) regeln die Beziehungen zwischen Kochkursteilnehmern, Eventkunden und Teamcooking.<\/p>\n\n<p>1.2 Leistung<\/p>\n\n<p>Teamcooking erbringt gegen\u00fcber dem Kunden f\u00fcr dessen Anlass umfassende gastronomische Dienstleistungen. Teamcooking wahrt die Interessen Ihrer Kunden nach bestem Wissen und Gewissen und verpflichtet sich, bei der Ausf\u00fchrung des Auftrags in sorgf\u00e4ltigster und professioneller Weise vorzugehen. Bei der Auswahl von Speisen und Getr\u00e4nken wird Wert auf einwandfreie Qualit\u00e4t gelegt.<\/p>\n\n<p>Der Vertrag ist geschlossen, sobald ein Kochevent oder sonstige Anl\u00e4sse (wie z.B. private Dinners) und Leistungen bestellt und zugesagt sind. Dies kann auch m\u00fcndlich, per E-Mail, per Fax, telefonisch oder pers\u00f6nlich sein.<\/p>\n\n<p>1.3 Haftung<\/p>\n\n<p>Die Teilnahme an den Kursen und Events erfolgt auf eigene Gefahr. Teamcooking \u00fcbernimmt keine Haftung f\u00fcr Sach- und Personensch\u00e4den und Folgensch\u00e4eden, die im Zusammenhang mit einer Veranstaltung stehen. Dies gilt auch f\u00fcr Lebensmittelallergien und sonstige k\u00f6rperliche Reaktionen auf s\u00e4mtliche verwendeten Lebensmittel und Getr\u00e4nke.<\/p>\n\n<p>1.4 Zahlungsbedingungen<\/p>\n\n<p>Rechnungen sind innerhalb von 30 Tagen zahlbar. Der Rechnungszugang erfolgt im Normalfall per E-Mail. Teamcooking ist ab dem 31. Tag ab Zugang der Rechnung berechtigt, Mahngeb\u00fchren in Anspruch zu nehmen. Teamcooking ist im Vorfeld einer Veranstaltung berechtigt, eine Vorauszahlung zu verlangen.<\/p>\n\n<p>1.5 Erf\u00fcllungsort<\/p>\n\n<p>Erf\u00fcllungsort ist der in der Offerte vereinbarte Standort, resp. der jeweilige Standort welcher in der Kursausschreibung aufgef\u00fchrt ist.<\/p>\n\n<p>1.6 Stornierungen seitens Vertragspartner<\/p>\n\n<p>Stornierungen fr\u00fcher als 8 Wochen vor dem Veranstaltungstermin: 25% des Angebotspreises wird in Rechnung gestellt.<\/p>\n\n<p>Stornierungen zwischen der 8. und 3. Woche vor dem Veranstaltungstermin: 75% des Angebotspreises werden in Rechnung gestellt.<\/p>\n\n<p>Stornierungen innerhalb von 14 Tagen vor dem Veranstaltungstermin: 100% des Angebotspreises wird in Rechnung gestellt.<\/p>\n\n<p>1.7 Gutscheine<\/p>\n\n<p>Gutscheine k\u00f6nnen telefonisch, schriftlich oder per E-Mail oder via Onlineshop bestellt werden. Sofern nichts anderes vereinbart, haben Gutscheine eine G\u00fcltigkeit von 12 Monaten nach Ausstellung. Sollte der Gutschein nicht in diesem Zeitraum eingel\u00f6st werden, kann dieser vor Ablauf der Frist schriftlich oder telefonisch verl\u00e4ngert werden. Die Zahlungsfrist f\u00fcr Gutscheine betr\u00e4gt 10 Tage ab Rechnungsdatum, ohne Abzug. Eine Auszahlung des Gutscheinbetrages ist nicht m\u00f6glich. Ein eventuelles Restguthaben nach Einl\u00f6sung des Gutscheines wird nicht ausbezahlt, sondern kann bei dem n\u00e4chsten Kochkurs angerechnet werden.<\/p>\n\n<p>1.8 R\u00fcckgaberichtlinien<\/p>\n\n<p>Korrekt gelieferte Produkte k\u00f6nnen nur in Ausnahmef\u00e4llen und in Absprache mit Pure Taste GmbH sowie auf Kosten des K\u00e4ufers retourniert werden. Allf\u00e4llig retournierte Produkte m\u00fcssen unbenutzt und in der Originalverpackung retourniert werden. Die Ware muss sich in einem verkaufsf\u00e4higen Zustand befinden. F\u00fcr die R\u00fcckerstattung wird, sofern nicht anders vereinbart, das urspr\u00fcnglich verwendete Zahlungsmittel verwendet. Abschlag je nach Zustand der Ware (mindestens 10% bzw. Mindestabzug CHF 10.-).<\/p>\n\n<p>Gerichtsstand &amp; Rechtsgebung<\/p>\n\n<p>Der Gerichtsstand im Falle eines Rechtsstreits ist Bern, Schweiz. Es gelten ausschliesslich Bedingungen nach schweizerischem Recht und nach Schweizer Gesetzgebung.<\/p>\n\n<p>1.6 Gutscheine<\/p>\n\n<p>Gutscheine k\u00f6nnen telefonisch, schriftlich oder per E-Mail oder via Onlineshop bestellt werden. Sofern nichts anderes vereinbart, haben Gutscheine eine G\u00fcltigkeit von 12 Monaten nach Ausstellung. Sollte der Gutschein nicht in diesem Zeitraum eingel\u00f6st werden, kann dieser vor Ablauf der Frist schriftlich oder telefonisch verl\u00e4ngert werden. Die Zahlungsfrist f\u00fcr Gutscheine betr\u00e4gt 10 Tage ab Rechnungsdatum, ohne Abzug. Eine Auszahlung des Gutscheinbetrages ist nicht m\u00f6glich. Ein eventuelles Restguthaben nach Einl\u00f6sung des Gutscheines wird nicht ausbezahlt, sondern kann bei dem n\u00e4chsten Kochkurs angerechnet werden.<\/p>\n\n<p>1.7 R\u00fcckgaberichtlinien<\/p>\n\n<p>Korrekt gelieferte Produkte k\u00f6nnen nur in Ausnahmef\u00e4llen und in Absprache mit Pure Taste GmbH sowie auf Kosten des K\u00e4ufers retourniert werden. Allf\u00e4llig retournierte Produkte m\u00fcssen unbenutzt und in der Originalverpackung retourniert werden. Die Ware muss sich in einem verkaufsf\u00e4higen Zustand befinden. F\u00fcr die R\u00fcckerstattung wird, sofern nicht anders vereinbart, das urspr\u00fcnglich verwendete Zahlungsmittel verwendet. Abschlag je nach Zustand der Ware (mindestens 10% bzw. Mindestabzug CHF 10.-).<\/p>\n\n<p>TEAMCOOKING.ch<br \/><br \/>Felipe Sarmiento<br \/>Haldenstrasse 16<br \/>4900 Langenthal<br \/>Telefonnummer<br \/>079 173 97 29<br \/>E-Mail<br \/>felipe.sarmiento@teamcooking.ch<\/p>\n\n<p>UID: CH \u2013 2 5 5 . 2 9 3 . 1 3 7<\/p>\n\n<h3 class=\"wp-block-heading\"><br \/>Brauchen Sie noch Hilfe?<\/h3>\n\n<p>Kontaktieren Sie uns unter teamcooking.ch@gmail.com f\u00fcr Fragen zu R\u00fcckerstattungen und R\u00fcckgaben.<\/p>\n\t\t\t\t\t\t\t\t<\/div>\n\t\t\t\t\t<\/div>\n\t\t\t\t<\/div>\n\t\t\t\t<\/div>\n\t\t","protected":false},"excerpt":{"rendered":"<p>\u00dcberblick Diese Allgemeinen Gesch\u00e4ftsbedingungen (AGB) regeln die Beziehungen zwischen Kochkursteilnehmern, Eventkunden und Teamcooking. 1.2 Leistung Teamcooking erbringt gegen\u00fcber dem Kunden f\u00fcr dessen Anlass umfassende gastronomische Dienstleistungen. Teamcooking wahrt die Interessen Ihrer Kunden nach bestem Wissen und Gewissen und verpflichtet sich, bei der Ausf\u00fchrung des Auftrags in sorgf\u00e4ltigster und professioneller Weise vorzugehen. Bei der Auswahl von [&hellip;]<\/p>\n","protected":false},"author":1,"featured_media":0,"parent":0,"menu_order":0,"comment_status":"closed","ping_status":"closed","template":"","meta":{"_acf_changed":false,"footnotes":""},"class_list":["post-166","page","type-page","status-publish","hentry"],"acf":[],"publishpress_future_action":{"enabled":false,"date":"2026-04-16 11:19:44","action":"change-status","newStatus":"draft","terms":[],"taxonomy":"","extraData":[]},"publishpress_future_workflow_manual_trigger":{"enabledWorkflows":[]},"_links":{"self":[{"href":"https:\/\/teamcooking.ch\/en\/wp-json\/wp\/v2\/pages\/166","targetHints":{"allow":["GET"]}}],"collection":[{"href":"https:\/\/teamcooking.ch\/en\/wp-json\/wp\/v2\/pages"}],"about":[{"href":"https:\/\/teamcooking.ch\/en\/wp-json\/wp\/v2\/types\/page"}],"author":[{"embeddable":true,"href":"https:\/\/teamcooking.ch\/en\/wp-json\/wp\/v2\/users\/1"}],"replies":[{"embeddable":true,"href":"https:\/\/teamcooking.ch\/en\/wp-json\/wp\/v2\/comments?post=166"}],"version-history":[{"count":4,"href":"https:\/\/teamcooking.ch\/en\/wp-json\/wp\/v2\/pages\/166\/revisions"}],"predecessor-version":[{"id":170,"href":"https:\/\/teamcooking.ch\/en\/wp-json\/wp\/v2\/pages\/166\/revisions\/170"}],"wp:attachment":[{"href":"https:\/\/teamcooking.ch\/en\/wp-json\/wp\/v2\/media?parent=166"}],"curies":[{"name":"wp","href":"https:\/\/api.w.org\/{rel}","templated":true}]}}